{"id":1219,"date":"2024-03-23T15:45:04","date_gmt":"2024-03-23T14:45:04","guid":{"rendered":"https:\/\/www.kdsgn.de\/wordpress\/?page_id=2"},"modified":"2024-05-19T19:40:08","modified_gmt":"2024-05-19T19:40:08","slug":"achtsamkeit","status":"publish","type":"page","link":"http:\/\/www.innenraum.net\/wp_innenraum\/achtsamkeit\/","title":{"rendered":"Achtsamkeit"},"content":{"rendered":"\n<div class=\"wp-block-columns is-layout-flex wp-container-core-columns-is-layout-28f84493 wp-block-columns-is-layout-flex\">\n<div class=\"wp-block-column is-layout-flow wp-block-column-is-layout-flow\" style=\"flex-basis:60%\">\n<p>Achtsamkeit (Sati) ist mehr als Konzentration, und meint eine bestimmte Art der Aufmerksamkeit und Pr\u00e4senz. Wenn du <strong>jetzt<\/strong> gegenw\u00e4rtig bist, dann wirst du dir deiner momentanen Erfahrung bewusst: Du bemerkst Empfindungen und Impulse des K\u00f6rpers, bemerkst deinen Atem, deine Gef\u00fchle und auch, was dir dein Geist gerade f\u00fcr Geschichten erz\u00e4hlt. Halte mal kurz inne &#8230;<\/p>\n\n\n\n<p>Achtsam sein, klar und unabgelenkt zu wissen, was gerade vor sich geht k\u00f6nnten wir eigentlich alle. Dies ist allerdings nicht so leicht umzusetzen &#8211; kann aber gut einge\u00fcbt und kultiviert werden. Denn: Achtsamkeit hat viele gute Wirkungen.<\/p>\n\n\n\n<p><strong>Welchen Nutzen habe ich durch trainierte Achtsamkeit?<\/strong> Wissenschaftlich nachgewiesen sind die erstaunlich positiven Auswirkungen des MBSR-Trainings: Mentale und emotionale Stabilisierung, St\u00e4rkung des Immunsystems, anhaltende Verminderung von k\u00f6rperlichen und psychischen Erkrankungen, effektivere Bew\u00e4ltigung von Stressituationen sowie ein gro\u00dfer Zuwachs an Vitalit\u00e4t, Akzeptanz und Lebensfreude! Achtsamkeit hilft uns aus einem \u201eAutopiloten-Modus\u201c heraus zu kommen und auf die im Leben unvermeidbaren Stressausl\u00f6ser weniger reaktiv und mechanisch, sondern bewusst (und somit frei von automatischen Reaktionsmustern) zu handeln. Achtsamkeit wird von immer mehr westlichen Medizinern und Therapeuten als ein hochwirksames Instrument anerkannt um mit Stress, chronischen Schmerzen und vielen anderen medizinischen sowie psychologischen Schwierigkeiten effektiv und heilsam umzugehen.<\/p>\n\n\n\n<p>Achtsamkeit bewirkt einen Zuwachs an k\u00f6rperlicher und psychischer&nbsp; Stabilit\u00e4t, und seine erstaunlich gute gesundheitsf\u00f6rdernde und heilende Kraft ist seit 1979 immer wieder durch viele wissenschatliche Studien \u00fcber die Wirksamkeit des MBSR-Programms, bewiesen worden.&nbsp;&nbsp;\u00bbAchtsamkeit zu kultivieren f\u00fchrt uns in immer tiefere Bereiche des Gewahrseins, zu Ruhe und Entspannung, zu Akzeptanz gegen\u00fcber unserem Leben mit all seinen Schwierigkeiten, Belastungen und Unzul\u00e4nglichkeiten, zu tiefem inneren Frieden und zu Verst\u00e4ndnis und Wohlwollen uns selbst und anderen gegen\u00fcber. Wir k\u00f6nnen zunehmend den Reichtum unseres Lebens erfahren, so wie es sich von Moment zu Moment entfaltet.  <\/p>\n<\/div>\n\n\n\n<div class=\"wp-block-column is-layout-flow wp-block-column-is-layout-flow\" style=\"flex-basis:40%\">\n<blockquote class=\"wp-block-quote is-layout-flow wp-block-quote-is-layout-flow\">\n<p><em>Achtsamkeit&nbsp;hilft uns die Freude und das Besondere inmitten des&nbsp;Allt\u00e4glichen (wieder-) zu entdecken.<\/em><\/p>\n<\/blockquote>\n\n\n\n<figure class=\"wp-block-image aligncenter size-full is-resized is-style-rounded is-style-rounded--1\"><img loading=\"lazy\" decoding=\"async\" width=\"1616\" height=\"1077\" src=\"https:\/\/www.innenraum.net\/wp_innenraum\/wp-content\/uploads\/Hasengloeckchen.jpg\" alt=\"\" class=\"wp-image-1823\" style=\"width:342px;height:auto\" srcset=\"http:\/\/www.innenraum.net\/wp_innenraum\/wp-content\/uploads\/Hasengloeckchen.jpg 1616w, http:\/\/www.innenraum.net\/wp_innenraum\/wp-content\/uploads\/Hasengloeckchen-600x400.jpg 600w, http:\/\/www.innenraum.net\/wp_innenraum\/wp-content\/uploads\/Hasengloeckchen-768x512.jpg 768w, http:\/\/www.innenraum.net\/wp_innenraum\/wp-content\/uploads\/Hasengloeckchen-1536x1024.jpg 1536w\" sizes=\"auto, (max-width: 1616px) 100vw, 1616px\" \/><\/figure>\n<\/div>\n<\/div>\n\n\n\n<p class=\"has-text-align-center has-large-font-size\">Meine Einzel- und Gruppenangebote im Bereich Achtsamkeit:<\/p>\n\n\n\n<div class=\"wp-block-columns is-layout-flex wp-container-core-columns-is-layout-28f84493 wp-block-columns-is-layout-flex\">\n<div class=\"wp-block-column is-layout-flow wp-block-column-is-layout-flow\">\n<div class=\"wp-block-columns alignwide is-layout-flex wp-container-core-columns-is-layout-d0bbbce0 wp-block-columns-is-layout-flex\">\n<div class=\"wp-block-column is-layout-flow wp-container-core-column-is-layout-e3d1c41b wp-block-column-is-layout-flow\">\n<figure class=\"wp-block-image size-medium has-custom-border is-style-rounded is-style-rounded--2\"><a href=\"https:\/\/www.innenraum.net\/wp_innenraum\/achtsamkeit\/mbsr-achtsamkeitstraining\/\"><img loading=\"lazy\" decoding=\"async\" width=\"600\" height=\"600\" src=\"http:\/\/www.innenraum.net\/wp_innenraum\/wp-content\/uploads\/photocaseq6kc62sb55655222_24-600x600.jpg\" alt=\"\" class=\"wp-image-838\" style=\"border-radius:15px;aspect-ratio:3\/2;object-fit:cover\" srcset=\"http:\/\/www.innenraum.net\/wp_innenraum\/wp-content\/uploads\/photocaseq6kc62sb55655222_24-600x600.jpg 600w, http:\/\/www.innenraum.net\/wp_innenraum\/wp-content\/uploads\/photocaseq6kc62sb55655222_24-300x300.jpg 300w, http:\/\/www.innenraum.net\/wp_innenraum\/wp-content\/uploads\/photocaseq6kc62sb55655222_24-768x768.jpg 768w, http:\/\/www.innenraum.net\/wp_innenraum\/wp-content\/uploads\/photocaseq6kc62sb55655222_24-1536x1536.jpg 1536w, http:\/\/www.innenraum.net\/wp_innenraum\/wp-content\/uploads\/photocaseq6kc62sb55655222_24.jpg 1920w\" sizes=\"auto, (max-width: 600px) 100vw, 600px\" \/><\/a><\/figure>\n\n\n\n<h3 class=\"wp-block-heading has-text-align-left is-style-default has-large-font-size\">MBSR-Achtsamkeitstraining<\/h3>\n\n\n\n<p class=\"has-text-align-left\"><strong>&#8222;Stressbew\u00e4ltigung durch Achtsamkeit&#8220; <\/strong>8-Wochen-Programm nach Jon Kabat-Zinn<\/p>\n<\/div>\n\n\n\n<div class=\"wp-block-column is-layout-flow wp-container-core-column-is-layout-e3d1c41b wp-block-column-is-layout-flow\">\n<figure class=\"wp-block-image size-medium has-custom-border is-style-rounded is-style-rounded--3\"><a href=\"http:\/\/www.innenraum.net\/wp_innenraum\/achtsamkeit\/krankheit-und-schmerz\/\"><img loading=\"lazy\" decoding=\"async\" width=\"600\" height=\"450\" src=\"http:\/\/www.innenraum.net\/wp_innenraum\/wp-content\/uploads\/IMG_4730-600x450.jpg\" alt=\"\" class=\"wp-image-708\" style=\"border-radius:15px;aspect-ratio:3\/2;object-fit:cover\" srcset=\"http:\/\/www.innenraum.net\/wp_innenraum\/wp-content\/uploads\/IMG_4730-600x450.jpg 600w, http:\/\/www.innenraum.net\/wp_innenraum\/wp-content\/uploads\/IMG_4730-768x576.jpg 768w, http:\/\/www.innenraum.net\/wp_innenraum\/wp-content\/uploads\/IMG_4730-1536x1152.jpg 1536w, http:\/\/www.innenraum.net\/wp_innenraum\/wp-content\/uploads\/IMG_4730.jpg 1920w\" sizes=\"auto, (max-width: 600px) 100vw, 600px\" \/><\/a><\/figure>\n\n\n\n<p>Gut leben trotz- und mit<\/p>\n\n\n\n<h3 class=\"wp-block-heading has-text-align-left is-style-default has-large-font-size\">Krankheit und Schmerz <\/h3>\n\n\n\n<p><\/p>\n\n\n\n<p class=\"has-text-align-left\"><\/p>\n<\/div>\n\n\n\n<div class=\"wp-block-column is-layout-flow wp-container-core-column-is-layout-e3d1c41b wp-block-column-is-layout-flow\">\n<figure class=\"wp-block-image size-medium has-custom-border is-style-rounded is-style-rounded--4\"><a href=\"http:\/\/www.innenraum.net\/wp_innenraum\/achtsamkeit\/depression-und-angst\/\"><img loading=\"lazy\" decoding=\"async\" width=\"600\" height=\"197\" src=\"http:\/\/www.innenraum.net\/wp_innenraum\/wp-content\/uploads\/P1070266-1-600x197.jpg\" alt=\"\" class=\"wp-image-1447\" style=\"border-radius:15px;aspect-ratio:3\/2;object-fit:cover\" srcset=\"http:\/\/www.innenraum.net\/wp_innenraum\/wp-content\/uploads\/P1070266-1-600x197.jpg 600w, http:\/\/www.innenraum.net\/wp_innenraum\/wp-content\/uploads\/P1070266-1-1920x630.jpg 1920w, http:\/\/www.innenraum.net\/wp_innenraum\/wp-content\/uploads\/P1070266-1-768x252.jpg 768w, http:\/\/www.innenraum.net\/wp_innenraum\/wp-content\/uploads\/P1070266-1-1536x504.jpg 1536w, http:\/\/www.innenraum.net\/wp_innenraum\/wp-content\/uploads\/P1070266-1-2048x672.jpg 2048w\" sizes=\"auto, (max-width: 600px) 100vw, 600px\" \/><\/a><\/figure>\n\n\n\n<h3 class=\"wp-block-heading has-text-align-left is-style-default has-large-font-size\">Depression und Angst<\/h3>\n\n\n\n<p class=\"has-text-align-left\">R\u00fcckfallprophylaxe und Kurswechsel <\/p>\n\n\n\n<p class=\"has-text-align-left\"><\/p>\n<\/div>\n<\/div>\n<\/div>\n<\/div>\n","protected":false},"excerpt":{"rendered":"<p>Achtsamkeit (Sati) ist mehr als Konzentration, und meint eine bestimmte Art der Aufmerksamkeit und Pr\u00e4senz. Wenn du jetzt gegenw\u00e4rtig bist, dann wirst du dir deiner momentanen Erfahrung bewusst: Du bemerkst Empfindungen und Impulse des K\u00f6rpers, bemerkst deinen Atem, deine Gef\u00fchle und auch, was dir dein Geist gerade f\u00fcr Geschichten erz\u00e4hlt. Halte mal kurz inne &#8230; [&hellip;]<\/p>\n","protected":false},"author":1,"featured_media":285,"parent":0,"menu_order":0,"comment_status":"closed","ping_status":"open","template":"","meta":{"footnotes":""},"class_list":["post-1219","page","type-page","status-publish","has-post-thumbnail","hentry"],"aioseo_notices":[],"_links":{"self":[{"href":"http:\/\/www.innenraum.net\/wp_innenraum\/wp-json\/wp\/v2\/pages\/1219","targetHints":{"allow":["GET"]}}],"collection":[{"href":"http:\/\/www.innenraum.net\/wp_innenraum\/wp-json\/wp\/v2\/pages"}],"about":[{"href":"http:\/\/www.innenraum.net\/wp_innenraum\/wp-json\/wp\/v2\/types\/page"}],"author":[{"embeddable":true,"href":"http:\/\/www.innenraum.net\/wp_innenraum\/wp-json\/wp\/v2\/users\/1"}],"replies":[{"embeddable":true,"href":"http:\/\/www.innenraum.net\/wp_innenraum\/wp-json\/wp\/v2\/comments?post=1219"}],"version-history":[{"count":51,"href":"http:\/\/www.innenraum.net\/wp_innenraum\/wp-json\/wp\/v2\/pages\/1219\/revisions"}],"predecessor-version":[{"id":1947,"href":"http:\/\/www.innenraum.net\/wp_innenraum\/wp-json\/wp\/v2\/pages\/1219\/revisions\/1947"}],"wp:featuredmedia":[{"embeddable":true,"href":"http:\/\/www.innenraum.net\/wp_innenraum\/wp-json\/wp\/v2\/media\/285"}],"wp:attachment":[{"href":"http:\/\/www.innenraum.net\/wp_innenraum\/wp-json\/wp\/v2\/media?parent=1219"}],"curies":[{"name":"wp","href":"https:\/\/api.w.org\/{rel}","templated":true}]}}