{"id":1102,"date":"2024-03-27T10:06:53","date_gmt":"2024-03-27T09:06:53","guid":{"rendered":"https:\/\/www.kdsgn.de\/wordpress\/?page_id=1102"},"modified":"2024-03-27T10:06:53","modified_gmt":"2024-03-27T09:06:53","slug":"impressum","status":"publish","type":"page","link":"http:\/\/www.innenraum.net\/wp_innenraum\/impressum\/","title":{"rendered":"Impressum"},"content":{"rendered":"\n<p><strong>Angaben gem\u00e4\u00df \u00a7 5 TMG<\/strong><br>Verantwortliche f\u00fcr den Inhalt der Homepage nach \u00a7 55 Abs. 2 RstV<\/p>\n\n\n\n<p>Pema P. Plagge, Schlossstr. 24, 52066 Aachen<br>Telefon: +49 241-1605017<br>Email: info@innenraum.net<\/p>\n\n\n\n<p>Gesetzliche Berufsbezeichnungen: Heilpraktikerin, Heilp\u00e4dagogin<\/p>\n\n\n\n<p><strong>Zust\u00e4ndige Aufsichtsbeh\u00f6rde:<\/strong><\/p>\n\n\n\n<p>Gesundheitsamt Aachen<br>Trierer Str. 1, 52078 Aachen<\/p>\n\n\n\n<p>Webseite der Beh\u00f6rde:<br><a href=\"https:\/\/www.staedteregion-aachen.de\/de\/naviga%on\/aemter\/gesundheitsamt-a-53\">https:\/\/www.staedteregion-aachen.de\/de\/naviga%on\/aemter\/gesundheitsamt-a-53<\/a><\/p>\n\n\n\n<p><strong>Berufsrechtliche Regelungen:<\/strong>&nbsp;Gesetzliche Grundlage f\u00fcr die T\u00e4tigkeit des Heilpraktikers\/der Heilpraktikerin ist das Heilpraktikergesetz und die Durchf\u00fchrungsverordnung: Nachzulesen im Internet unter<br><a href=\"http:\/\/www.gesetze-im-internet.de\/heilprg\/index.html\">http:\/\/www.gesetze-im-internet.de\/heilprg\/index.html&nbsp;\u00bb<\/a>&nbsp;und<br><a href=\"http:\/\/www.gesetze-im-internet.de\/heilprgdv_1\/index.html\">http:\/\/www.gesetze-im-internet.de\/heilprgdv_1\/index.html&nbsp;\u00bb<\/a><\/p>\n\n\n\n<p>Erlaubnis \u00fcber die berufsm\u00e4\u00dfige Aus\u00fcbung der Heilkunde ohne Bestallung:<\/p>\n\n\n\n<p>Rheinisch-Bergischen Kreis \u2013 Gesundheitsamt<\/p>\n\n\n\n<p>Gem\u00e4\u00df \u00a71 Abs.1 des Gesetzes \u00fcber die berufsm\u00e4\u00dfige Aus\u00fcbung der Heilkunde ohne Bestallung (Heilpraktikergesetz) vom 17.02.1939 (RGB1. I S.251) ge\u00e4ndert durch Gesetz vom 02.M\u00e4rz 1974 (BGB1. I S. 469), wird die Erlaubnis erteilt, die Heilkunde ohne Bestallung berufsm\u00e4\u00dfig auszu\u00fcben. Die Berufsbezeichnung lautet gem. \u00a7 1 Abs. 3 Heilpraktikergesetz: Heilpraktikerin.<\/p>\n\n\n\n<p><strong>Steuernummer:<\/strong><br>Heilpraktikerleistungen sind nach UStg \u00a7 4 Nr. 14 von der Umsatzsteuer befreit.<\/p>\n\n\n\n<p><strong>Berufshaftpflichtversicherung<\/strong>:<br>Signal Iduna, 44121 Dortmund, Josef-Scherer-Str. 3,<br>Versicherungsnr.: 57.835.460\/5\/002\/6500<\/p>\n\n\n\n<h2 class=\"wp-block-heading\"><strong>Haftungsausschluss:<\/strong><\/h2>\n\n\n\n<p><strong>Haftung f\u00fcr Inhalte<\/strong>: Die Inhalte unserer Seiten wurden mit gr\u00f6\u00dfter Sorgfalt erstellt. F\u00fcr die Richtigkeit, Vollst\u00e4ndigkeit und Aktualit\u00e4t der Inhalte k\u00f6nnen wir jedoch keine Gew\u00e4hr \u00fcbernehmen. Als Diensteanbieter sind wir gem\u00e4\u00df \u00a7 7 Abs.1 TMG f\u00fcr eigene Inhalte auf diesen Seiten nach den allgemeinen Gesetzen verantwortlich. Nach \u00a7\u00a7 8 bis 10 TMG sind wir als Dienstanbieter jedoch nicht verpflichtet, \u00fcbermittelte oder gespeicherte fremde Informationen zu \u00fcberwachen oder nach Umst\u00e4nden zu forschen, die auf eine rechtswidrige T\u00e4tigkeit hinweisen. Verpflichtungen zur Entfernung oder Sperrung der Nutzung von Informationen nach den allgemeinen Gesetzen bleiben hiervon unber\u00fchrt. Eine diesbez\u00fcgliche Haftung ist jedoch erst ab dem Zeitpunkt der Kenntnis einer konkreten Rechtsverletzung m\u00f6glich. Bei Bekanntwerden von entsprechenden Rechtsverletzungen werden wir diese Inhalte umgehend entfernen.<strong>&nbsp;<\/strong><\/p>\n\n\n\n<p><strong>Bildquellen:&nbsp;<\/strong>&nbsp;photocase, pixabay, privat<\/p>\n","protected":false},"excerpt":{"rendered":"<p>Angaben gem\u00e4\u00df \u00a7 5 TMGVerantwortliche f\u00fcr den Inhalt der Homepage nach \u00a7 55 Abs. 2 RstV Pema P. Plagge, Schlossstr. 24, 52066 AachenTelefon: +49 241-1605017Email: info@innenraum.net Gesetzliche Berufsbezeichnungen: Heilpraktikerin, Heilp\u00e4dagogin Zust\u00e4ndige Aufsichtsbeh\u00f6rde: Gesundheitsamt AachenTrierer Str. 1, 52078 Aachen Webseite der Beh\u00f6rde:https:\/\/www.staedteregion-aachen.de\/de\/naviga%on\/aemter\/gesundheitsamt-a-53 Berufsrechtliche Regelungen:&nbsp;Gesetzliche Grundlage f\u00fcr die T\u00e4tigkeit des Heilpraktikers\/der Heilpraktikerin ist das Heilpraktikergesetz und die [&hellip;]<\/p>\n","protected":false},"author":1,"featured_media":972,"parent":0,"menu_order":0,"comment_status":"closed","ping_status":"closed","template":"","meta":{"footnotes":""},"class_list":["post-1102","page","type-page","status-publish","has-post-thumbnail","hentry"],"aioseo_notices":[],"_links":{"self":[{"href":"http:\/\/www.innenraum.net\/wp_innenraum\/wp-json\/wp\/v2\/pages\/1102","targetHints":{"allow":["GET"]}}],"collection":[{"href":"http:\/\/www.innenraum.net\/wp_innenraum\/wp-json\/wp\/v2\/pages"}],"about":[{"href":"http:\/\/www.innenraum.net\/wp_innenraum\/wp-json\/wp\/v2\/types\/page"}],"author":[{"embeddable":true,"href":"http:\/\/www.innenraum.net\/wp_innenraum\/wp-json\/wp\/v2\/users\/1"}],"replies":[{"embeddable":true,"href":"http:\/\/www.innenraum.net\/wp_innenraum\/wp-json\/wp\/v2\/comments?post=1102"}],"version-history":[{"count":0,"href":"http:\/\/www.innenraum.net\/wp_innenraum\/wp-json\/wp\/v2\/pages\/1102\/revisions"}],"wp:featuredmedia":[{"embeddable":true,"href":"http:\/\/www.innenraum.net\/wp_innenraum\/wp-json\/wp\/v2\/media\/972"}],"wp:attachment":[{"href":"http:\/\/www.innenraum.net\/wp_innenraum\/wp-json\/wp\/v2\/media?parent=1102"}],"curies":[{"name":"wp","href":"https:\/\/api.w.org\/{rel}","templated":true}]}}