{"id":1031,"date":"2024-03-26T12:12:06","date_gmt":"2024-03-26T11:12:06","guid":{"rendered":"https:\/\/www.kdsgn.de\/wordpress\/?page_id=1031"},"modified":"2024-05-21T20:10:37","modified_gmt":"2024-05-21T20:10:37","slug":"meditation","status":"publish","type":"page","link":"http:\/\/www.innenraum.net\/wp_innenraum\/meditation\/","title":{"rendered":"Meditation und Dharma"},"content":{"rendered":"\n<p class=\"has-medium-font-size\">Dharma (pali: Dhamma) bedeutet u.a.: &#8222;Die Buddhistischen Weisheitslehren&#8220;, oder auch: &#8222;Das, was tr\u00e4gt&#8220;. Dabei ist der Dharma auf die vollst\u00e4ndige Freiheit von Herz und Geist ausgerichtet. Diese wertvollen, zeitlosen Lehren unterst\u00fctzen uns darin eine befreiende Perspektive auf uns selbst und die Welt zu erhalten, Zug\u00e4nge zu Einsichten und Antworten auf Lebensfragen zu finden, und aus Unzufriedenheit und Leid herauszukommen. Wir schulen dabei unsere Sichtweise auf das, was in uns unversehrt, nicht zerbrochen, nicht verletzt, sondern was unbesch\u00e4digt und wohlbehalten ist &#8211; auf unsere grundlegende, vollkommene Natur!<\/p>\n\n\n\n<p class=\"has-medium-font-size\">\u00dcbrigens: Das Wort Medizin und das Wort Meditation haben die gleiche Wurzel!<\/p>\n\n\n\n<p class=\"has-text-align-center has-contrast-2-color has-text-color has-link-color has-large-font-size wp-elements-d74a566b3c77707528c7d40781b30520\">Meine Angebote im Bereich Dharma:<\/p>\n\n\n\n<div class=\"wp-block-columns is-layout-flex wp-container-core-columns-is-layout-28f84493 wp-block-columns-is-layout-flex\">\n<div class=\"wp-block-column is-layout-flow wp-block-column-is-layout-flow\">\n<div class=\"wp-block-columns alignwide is-layout-flex wp-container-core-columns-is-layout-d0bbbce0 wp-block-columns-is-layout-flex\">\n<div class=\"wp-block-column is-layout-flow wp-container-core-column-is-layout-e3d1c41b wp-block-column-is-layout-flow\">\n<figure class=\"wp-block-image size-medium has-custom-border is-style-rounded is-style-rounded--1\"><a href=\"https:\/\/www.innenraum.net\/wp_innenraum\/meditation\/dharma-gruppe\/\"><img loading=\"lazy\" decoding=\"async\" width=\"600\" height=\"466\" src=\"https:\/\/www.innenraum.net\/wp_innenraum\/wp-content\/uploads\/IMG_4032-1-600x466.jpg\" alt=\"\" class=\"wp-image-1841\" style=\"border-radius:15px;aspect-ratio:3\/2;object-fit:cover\" srcset=\"http:\/\/www.innenraum.net\/wp_innenraum\/wp-content\/uploads\/IMG_4032-1-600x466.jpg 600w, http:\/\/www.innenraum.net\/wp_innenraum\/wp-content\/uploads\/IMG_4032-1-768x597.jpg 768w, http:\/\/www.innenraum.net\/wp_innenraum\/wp-content\/uploads\/IMG_4032-1.jpg 1125w\" sizes=\"auto, (max-width: 600px) 100vw, 600px\" \/><\/a><\/figure>\n\n\n\n<h3 class=\"wp-block-heading has-text-align-left is-style-default has-large-font-size\">Dharma &#8211; Buddh.Weisheitslehren<\/h3>\n\n\n\n<p class=\"has-text-align-left\"><\/p>\n<\/div>\n\n\n\n<div class=\"wp-block-column is-layout-flow wp-container-core-column-is-layout-e3d1c41b wp-block-column-is-layout-flow\">\n<figure class=\"wp-block-image size-medium has-custom-border is-style-rounded is-style-rounded--2\"><a href=\"http:\/\/www.innenraum.net\/wp_innenraum\/meditation\/vipassana-mediation\/\"><img loading=\"lazy\" decoding=\"async\" width=\"600\" height=\"450\" src=\"http:\/\/www.innenraum.net\/wp_innenraum\/wp-content\/uploads\/buddha-haende-600x450.jpg\" alt=\"\" class=\"wp-image-971\" style=\"border-radius:15px;aspect-ratio:3\/2;object-fit:cover\" srcset=\"http:\/\/www.innenraum.net\/wp_innenraum\/wp-content\/uploads\/buddha-haende-600x450.jpg 600w, http:\/\/www.innenraum.net\/wp_innenraum\/wp-content\/uploads\/buddha-haende-768x576.jpg 768w, http:\/\/www.innenraum.net\/wp_innenraum\/wp-content\/uploads\/buddha-haende-1536x1152.jpg 1536w, http:\/\/www.innenraum.net\/wp_innenraum\/wp-content\/uploads\/buddha-haende.jpg 1920w\" sizes=\"auto, (max-width: 600px) 100vw, 600px\" \/><\/a><\/figure>\n\n\n\n<h3 class=\"wp-block-heading has-text-align-left is-style-default has-large-font-size\">Vipassana-Meditation<\/h3>\n\n\n\n<p class=\"has-text-align-left\">Den Geist beruhigen &#8211; das Herz \u00f6ffnen<\/p>\n<\/div>\n\n\n\n<div class=\"wp-block-column is-layout-flow wp-container-core-column-is-layout-e3d1c41b wp-block-column-is-layout-flow\">\n<figure class=\"wp-block-image size-medium has-custom-border is-style-rounded is-style-rounded--3\"><a href=\"https:\/\/www.innenraum.net\/wp_innenraum\/meditation\/retreats\/\"><img loading=\"lazy\" decoding=\"async\" width=\"445\" height=\"600\" src=\"http:\/\/www.innenraum.net\/wp_innenraum\/wp-content\/uploads\/IMG_5531-a-scaled-1-445x600.jpg\" alt=\"\" class=\"wp-image-868\" style=\"border-radius:15px;aspect-ratio:3\/2;object-fit:cover\" srcset=\"http:\/\/www.innenraum.net\/wp_innenraum\/wp-content\/uploads\/IMG_5531-a-scaled-1-445x600.jpg 445w, http:\/\/www.innenraum.net\/wp_innenraum\/wp-content\/uploads\/IMG_5531-a-scaled-1-1424x1920.jpg 1424w, http:\/\/www.innenraum.net\/wp_innenraum\/wp-content\/uploads\/IMG_5531-a-scaled-1-768x1035.jpg 768w, http:\/\/www.innenraum.net\/wp_innenraum\/wp-content\/uploads\/IMG_5531-a-scaled-1-1139x1536.jpg 1139w, http:\/\/www.innenraum.net\/wp_innenraum\/wp-content\/uploads\/IMG_5531-a-scaled-1-1519x2048.jpg 1519w, http:\/\/www.innenraum.net\/wp_innenraum\/wp-content\/uploads\/IMG_5531-a-scaled-1.jpg 1899w\" sizes=\"auto, (max-width: 445px) 100vw, 445px\" \/><\/a><\/figure>\n\n\n\n<h3 class=\"wp-block-heading has-text-align-left is-style-default has-large-font-size\">Schweige-Retreat<\/h3>\n\n\n\n<p class=\"has-text-align-left\">Wach und stabil durch Ver\u00e4nderungsprozesse<\/p>\n<\/div>\n<\/div>\n<\/div>\n<\/div>\n","protected":false},"excerpt":{"rendered":"<p>Dharma (pali: Dhamma) bedeutet u.a.: &#8222;Die Buddhistischen Weisheitslehren&#8220;, oder auch: &#8222;Das, was tr\u00e4gt&#8220;. Dabei ist der Dharma auf die vollst\u00e4ndige Freiheit von Herz und Geist ausgerichtet. Diese wertvollen, zeitlosen Lehren unterst\u00fctzen uns darin eine befreiende Perspektive auf uns selbst und die Welt zu erhalten, Zug\u00e4nge zu Einsichten und Antworten auf Lebensfragen zu finden, und aus [&hellip;]<\/p>\n","protected":false},"author":1,"featured_media":284,"parent":0,"menu_order":0,"comment_status":"closed","ping_status":"closed","template":"","meta":{"footnotes":""},"class_list":["post-1031","page","type-page","status-publish","has-post-thumbnail","hentry"],"aioseo_notices":[],"_links":{"self":[{"href":"http:\/\/www.innenraum.net\/wp_innenraum\/wp-json\/wp\/v2\/pages\/1031","targetHints":{"allow":["GET"]}}],"collection":[{"href":"http:\/\/www.innenraum.net\/wp_innenraum\/wp-json\/wp\/v2\/pages"}],"about":[{"href":"http:\/\/www.innenraum.net\/wp_innenraum\/wp-json\/wp\/v2\/types\/page"}],"author":[{"embeddable":true,"href":"http:\/\/www.innenraum.net\/wp_innenraum\/wp-json\/wp\/v2\/users\/1"}],"replies":[{"embeddable":true,"href":"http:\/\/www.innenraum.net\/wp_innenraum\/wp-json\/wp\/v2\/comments?post=1031"}],"version-history":[{"count":42,"href":"http:\/\/www.innenraum.net\/wp_innenraum\/wp-json\/wp\/v2\/pages\/1031\/revisions"}],"predecessor-version":[{"id":1977,"href":"http:\/\/www.innenraum.net\/wp_innenraum\/wp-json\/wp\/v2\/pages\/1031\/revisions\/1977"}],"wp:featuredmedia":[{"embeddable":true,"href":"http:\/\/www.innenraum.net\/wp_innenraum\/wp-json\/wp\/v2\/media\/284"}],"wp:attachment":[{"href":"http:\/\/www.innenraum.net\/wp_innenraum\/wp-json\/wp\/v2\/media?parent=1031"}],"curies":[{"name":"wp","href":"https:\/\/api.w.org\/{rel}","templated":true}]}}