{"id":1029,"date":"2024-03-26T12:11:14","date_gmt":"2024-03-26T11:11:14","guid":{"rendered":"https:\/\/www.kdsgn.de\/wordpress\/?page_id=1029"},"modified":"2024-05-16T15:10:17","modified_gmt":"2024-05-16T15:10:17","slug":"therapie","status":"publish","type":"page","link":"http:\/\/www.innenraum.net\/wp_innenraum\/therapie\/","title":{"rendered":"Therapie"},"content":{"rendered":"\n<div class=\"wp-block-columns is-layout-flex wp-container-core-columns-is-layout-28f84493 wp-block-columns-is-layout-flex\">\n<div class=\"wp-block-column is-layout-flow wp-block-column-is-layout-flow\" style=\"flex-basis:55%\">\n<p>Heraus aus der Enge, hin zu innerem Raum und Weite. Entdecken, was in uns heil und wohlbehalten ist: Dabei m\u00f6chte ich mit meinen p\u00e4dagogischen, hom\u00f6opathischen und psychotherapeutischen Ans\u00e4tzen Menschen auf ihrem Weg hilfreich zur Seite stehen.<\/p>\n\n\n\n<p>In <strong>Einzelsitzungen und in Gruppenprogrammen<\/strong> nutze ich dabei achtsamkeitsbasierte Verfahren wie z.B. die <strong>A<\/strong>kzeptanz- und <strong>C<\/strong>ommitment-<strong>T<\/strong>herapie (ACT), ein Verfahren aus der &#8222;dritten Welle&#8220; der Verhaltenstherapie. ACT m\u00f6chte zur Entwicklung einer gr\u00f6\u00dferen &#8222;psychologischen Flexibilit\u00e4t&#8220; und zu einem Werte-geleiteten und sinnerf\u00fcllten Leben inmitten der eigenen schwierigen Lebensbedingungen verhelfen. Eine steigende Anzahl von Studien bei sehr unterschiedlichen Erkrankungen \u2013 angefangen von chronischen Schmerzerkrankungen, \u00fcber Depressionen bis Angstst\u00f6rungen \u2013 zeigt, dass ACT ein st\u00f6rungs\u00fcbergreifender therapeutischer Therapieansatz ist, sehr konkret und praxisnah.<\/p>\n<\/div>\n\n\n\n<div class=\"wp-block-column is-layout-flow wp-block-column-is-layout-flow\" style=\"flex-basis:45%\">\n<blockquote class=\"wp-block-quote is-layout-flow wp-block-quote-is-layout-flow\">\n<p>&#8222;Durch mich flie\u00dfen breite Fl\u00fcsse und in mir erheben sich hohe Berge. Und jenseits des Dickichts meiner Aufregung und Verwirrung erstrecken sich die weiten Ebenen meines Friedens und meiner Hingabe. Alle Landschaften sind in mir. Und f\u00fcr alles ist Platz.&#8220;<\/p>\n<cite>Etty Hillesum<\/cite><\/blockquote>\n<\/div>\n<\/div>\n\n\n\n<div class=\"wp-block-columns is-layout-flex wp-container-core-columns-is-layout-28f84493 wp-block-columns-is-layout-flex\">\n<div class=\"wp-block-column is-layout-flow wp-block-column-is-layout-flow\">\n<div class=\"wp-block-columns alignwide is-layout-flex wp-container-core-columns-is-layout-d0bbbce0 wp-block-columns-is-layout-flex\">\n<div class=\"wp-block-column is-layout-flow wp-container-core-column-is-layout-e3d1c41b wp-block-column-is-layout-flow\">\n<figure class=\"wp-block-image size-medium has-custom-border is-style-rounded is-style-rounded--1\"><a href=\"https:\/\/www.innenraum.net\/wp_innenraum\/therapie\/act-coaching\/\"><img loading=\"lazy\" decoding=\"async\" width=\"2268\" height=\"1701\" src=\"https:\/\/www.innenraum.net\/wp_innenraum\/wp-content\/uploads\/20180730_085341-edited-1.jpg\" alt=\"\" class=\"wp-image-1873\" style=\"border-radius:15px;aspect-ratio:3\/2;object-fit:cover\" srcset=\"http:\/\/www.innenraum.net\/wp_innenraum\/wp-content\/uploads\/20180730_085341-edited-1.jpg 2268w, http:\/\/www.innenraum.net\/wp_innenraum\/wp-content\/uploads\/20180730_085341-edited-1-600x450.jpg 600w, http:\/\/www.innenraum.net\/wp_innenraum\/wp-content\/uploads\/20180730_085341-edited-1-1920x1440.jpg 1920w, http:\/\/www.innenraum.net\/wp_innenraum\/wp-content\/uploads\/20180730_085341-edited-1-768x576.jpg 768w, http:\/\/www.innenraum.net\/wp_innenraum\/wp-content\/uploads\/20180730_085341-edited-1-1536x1152.jpg 1536w, http:\/\/www.innenraum.net\/wp_innenraum\/wp-content\/uploads\/20180730_085341-edited-1-2048x1536.jpg 2048w\" sizes=\"auto, (max-width: 2268px) 100vw, 2268px\" \/><\/a><\/figure>\n\n\n\n<h3 class=\"wp-block-heading has-text-align-left is-style-default has-large-font-size\">ACT &#8211; Seminar\/Coaching in der Gruppe<\/h3>\n\n\n\n<p class=\"has-text-align-left\"><\/p>\n\n\n\n<p class=\"has-text-align-left\"><\/p>\n<\/div>\n\n\n\n<div class=\"wp-block-column is-layout-flow wp-container-core-column-is-layout-e3d1c41b wp-block-column-is-layout-flow\">\n<figure class=\"wp-block-image size-medium has-custom-border is-style-rounded is-style-rounded--2\"><a href=\"http:\/\/www.innenraum.net\/wp_innenraum\/therapie\/klassische-homoeopathie\/\"><img loading=\"lazy\" decoding=\"async\" width=\"600\" height=\"453\" src=\"http:\/\/www.innenraum.net\/wp_innenraum\/wp-content\/uploads\/IMG_1953-a-600x453.jpg\" alt=\"\" class=\"wp-image-875\" style=\"border-radius:15px;aspect-ratio:3\/2;object-fit:cover\" srcset=\"http:\/\/www.innenraum.net\/wp_innenraum\/wp-content\/uploads\/IMG_1953-a-600x453.jpg 600w, http:\/\/www.innenraum.net\/wp_innenraum\/wp-content\/uploads\/IMG_1953-a-768x580.jpg 768w, http:\/\/www.innenraum.net\/wp_innenraum\/wp-content\/uploads\/IMG_1953-a-1536x1160.jpg 1536w, http:\/\/www.innenraum.net\/wp_innenraum\/wp-content\/uploads\/IMG_1953-a.jpg 1920w\" sizes=\"auto, (max-width: 600px) 100vw, 600px\" \/><\/a><\/figure>\n\n\n\n<h3 class=\"wp-block-heading has-text-align-left is-style-default has-large-font-size\">Klassische Hom\u00f6opathie<\/h3>\n\n\n\n<p class=\"has-text-align-left\"><\/p>\n<\/div>\n\n\n\n<div class=\"wp-block-column is-layout-flow wp-container-core-column-is-layout-e3d1c41b wp-block-column-is-layout-flow\">\n<figure class=\"wp-block-image size-medium has-custom-border is-style-rounded is-style-rounded--3\"><a href=\"http:\/\/www.innenraum.net\/wp_innenraum\/therapie\/sucht-akupunktur\/\"><img loading=\"lazy\" decoding=\"async\" width=\"600\" height=\"296\" src=\"http:\/\/www.innenraum.net\/wp_innenraum\/wp-content\/uploads\/6802344-e1714321195665-600x296.jpg\" alt=\"\" class=\"wp-image-691\" style=\"border-radius:15px;aspect-ratio:3\/2;object-fit:cover\" srcset=\"http:\/\/www.innenraum.net\/wp_innenraum\/wp-content\/uploads\/6802344-e1714321195665-600x296.jpg 600w, http:\/\/www.innenraum.net\/wp_innenraum\/wp-content\/uploads\/6802344-e1714321195665-768x379.jpg 768w, http:\/\/www.innenraum.net\/wp_innenraum\/wp-content\/uploads\/6802344-e1714321195665-1536x758.jpg 1536w, http:\/\/www.innenraum.net\/wp_innenraum\/wp-content\/uploads\/6802344-e1714321195665.jpg 1920w\" sizes=\"auto, (max-width: 600px) 100vw, 600px\" \/><\/a><\/figure>\n\n\n\n<h3 class=\"wp-block-heading has-text-align-left is-style-default has-large-font-size\">NADA-Sucht-Akupunktur<\/h3>\n\n\n\n<p class=\"has-text-align-left\"><\/p>\n\n\n\n<p><\/p>\n<\/div>\n<\/div>\n<\/div>\n<\/div>\n","protected":false},"excerpt":{"rendered":"<p>Heraus aus der Enge, hin zu innerem Raum und Weite. Entdecken, was in uns heil und wohlbehalten ist: Dabei m\u00f6chte ich mit meinen p\u00e4dagogischen, hom\u00f6opathischen und psychotherapeutischen Ans\u00e4tzen Menschen auf ihrem Weg hilfreich zur Seite stehen. In Einzelsitzungen und in Gruppenprogrammen nutze ich dabei achtsamkeitsbasierte Verfahren wie z.B. die Akzeptanz- und Commitment-Therapie (ACT), ein Verfahren [&hellip;]<\/p>\n","protected":false},"author":1,"featured_media":1811,"parent":0,"menu_order":0,"comment_status":"closed","ping_status":"closed","template":"","meta":{"footnotes":""},"class_list":["post-1029","page","type-page","status-publish","has-post-thumbnail","hentry"],"aioseo_notices":[],"_links":{"self":[{"href":"http:\/\/www.innenraum.net\/wp_innenraum\/wp-json\/wp\/v2\/pages\/1029","targetHints":{"allow":["GET"]}}],"collection":[{"href":"http:\/\/www.innenraum.net\/wp_innenraum\/wp-json\/wp\/v2\/pages"}],"about":[{"href":"http:\/\/www.innenraum.net\/wp_innenraum\/wp-json\/wp\/v2\/types\/page"}],"author":[{"embeddable":true,"href":"http:\/\/www.innenraum.net\/wp_innenraum\/wp-json\/wp\/v2\/users\/1"}],"replies":[{"embeddable":true,"href":"http:\/\/www.innenraum.net\/wp_innenraum\/wp-json\/wp\/v2\/comments?post=1029"}],"version-history":[{"count":47,"href":"http:\/\/www.innenraum.net\/wp_innenraum\/wp-json\/wp\/v2\/pages\/1029\/revisions"}],"predecessor-version":[{"id":1907,"href":"http:\/\/www.innenraum.net\/wp_innenraum\/wp-json\/wp\/v2\/pages\/1029\/revisions\/1907"}],"wp:featuredmedia":[{"embeddable":true,"href":"http:\/\/www.innenraum.net\/wp_innenraum\/wp-json\/wp\/v2\/media\/1811"}],"wp:attachment":[{"href":"http:\/\/www.innenraum.net\/wp_innenraum\/wp-json\/wp\/v2\/media?parent=1029"}],"curies":[{"name":"wp","href":"https:\/\/api.w.org\/{rel}","templated":true}]}}